{"id":21497,"date":"2023-06-27T10:16:04","date_gmt":"2023-06-27T10:16:04","guid":{"rendered":"https:\/\/zeeromed.com\/privacy-policy\/"},"modified":"2023-06-27T10:24:57","modified_gmt":"2023-06-27T10:24:57","slug":"privacy-policy-ita","status":"publish","type":"page","link":"https:\/\/zeeromed.com\/it\/privacy-policy-ita\/","title":{"rendered":"Privacy Policy"},"content":{"rendered":"<div class=\"wpb-content-wrapper\"><p>[vc_row][vc_column][vc_column_text]<\/p>\n<h4><strong><em>Informativa sulla tutela dei dati personali (informativa privacy) <\/em><em>ai sensi dell\u2019art. 13 del Regolamento UE n. 679\/2016 (\u201cGDPR\u201d) e del D.Lgs. 196\/2003 <\/em><em>(\u201cCodice Privacy\u201d) come modificato dal D.Lgs. 101\/2018<\/em><\/strong><\/h4>\n<p>&nbsp;<\/p>\n<p>Gentile Interessato, prima di procedere al trattamento dei Suoi dati personali, Le sottoponiamo l\u2019informativa privacy prevista da O3 Enterprise Srl (di seguito semplicemente Societ\u00e0).<\/p>\n<p>Le informazioni qui riportate Le saranno utili per comprendere di quali Suoi dati personali entreremo in possesso, a che fine, come e per quanto tempo li utilizzeremo, nonch\u00e9 chi sono i soggetti che li tratteranno.<\/p>\n<p><em>Chi siamo e i nostri contatti<\/em><\/p>\n<p>O3 Enterprise Srl, con sede legale in Trieste (TS), localit\u00e0 Padriciano 99, 34149, Area Science Park, codice fiscale e partita iva. 01137150320, tel. 040 9828200, e-mail info@o3enterprise.com, che tratta i Suoi dati personali \u00e8 considerata <span style=\"text-decoration: underline;\">Titolare del Trattamento<\/span> ed in tale veste \u00e8 responsabile di garantire l\u2019adozione delle misure organizzative e tecniche adeguate alla protezione dei medesimi.<\/p>\n<p>Potr\u00e0 contattarci con la modalit\u00e0 a Lei pi\u00f9 comoda ai recapiti\/contatti poc\u2019anzi indicati.<\/p>\n<p>La Societ\u00e0 ha provveduto alla nomina di un Responsabile per la Protezione dei Dati, reperibile all\u2019indirizzo postale della nostra sede legale o all\u2019indirizzo e-mail <a href=\"mailto:dpo@o3enterprise.com\">dpo@o3enterprise.com<\/a>.<\/p>\n<p><em>Quali dati personali che la riguardano possono essere raccolti<\/em><\/p>\n<p>Possono essere raccolte le seguenti categorie di dati personali che La riguardano:<\/p>\n<p><strong>Dati di contatto <\/strong>\u2013 informazioni relative al nome, cognome, codice fiscale, partita iva, indirizzo postale, numero di telefono, numero di cellulare, indirizzo e-mail, indirizzo pec, dati di contatto e ruolo rivestito all\u2019interno dell\u2019Azienda\/Societ\u00e0 per la quale eventualmente formulasse le Sue richieste;<\/p>\n<p><strong>Altri dati personali <\/strong>\u2013 informazioni che Lei dovesse spontaneamente fornirci laddove da Lei ritenuto necessario per l\u2019erogazione di quanto ci richiede.<\/p>\n<p>La chiediamo di aiutarci a mantenere aggiornati i Suoi dati personali, informandoci di qualsiasi modifica.<\/p>\n<p><em>Per quali finalit\u00e0 possono essere utilizzati i Suoi dati personali, in ragione di quale base <\/em><em>giuridica e per quanto tempo conserveremo i medesimi<\/em><\/p>\n<ol>\n<li><strong> Raccolta ed evasione delle richieste da Lei avanzate di informazioni e materiale pubblicitario su <\/strong><strong>prodotti commerciali della nostra Societ\u00e0 a cui fosse interessato, formulazione di preventivi, gestione delle <\/strong><strong>trattative precontrattuali.<\/strong><\/li>\n<\/ol>\n<p>La Societ\u00e0 pu\u00f2 trattare i Suoi dati personali al fine di evadere le suddette richieste.<\/p>\n<p><span style=\"text-decoration: underline;\">Presupposto per il trattamento<\/span>: esecuzione di obblighi contrattuali\/precontrattuali.<\/p>\n<p>Il conferimento dei dati personali \u00e8 obbligatorio per gestire la Sua richiesta; in difetto non potremo darvi corso.<\/p>\n<p><span style=\"text-decoration: underline;\">Periodo di conservazione<\/span>: il tempo necessario al conseguimento delle finalit\u00e0 per le quali sono stati raccolti o per qualsiasi altra legittima finalit\u00e0 collegata.<\/p>\n<ol start=\"2\">\n<li><strong> Servizio di newsletter periodica.<\/strong><\/li>\n<\/ol>\n<p>La Societ\u00e0 pu\u00f2 trattare i Suoi dati personali al fine di inviarLe un aggiornamento informativo periodico riguardo alle nostre attivit\u00e0 societarie allorquando da Lei richiesto.<\/p>\n<p><span style=\"text-decoration: underline;\">Presupposto per il trattamento<\/span>: il suo consenso<\/p>\n<p>Il conferimento dei dati \u00e8 facoltativo. Laddove non ci venissero forniti non saremo in grado di soddisfare la Sua richiesta di invio della newsletter periodica e relativa iscrizione nella mailing list. Il consenso pu\u00f2 da Lei essere revocato in qualsiasi momento contattando e\/o inviando una richiesta alla nostra Societ\u00e0 all\u2019indirizzo <a href=\"mailto:info@o3enterprise.com\">info@o3enterprise.com<\/a> o cliccando sul link unsubscribe from this list sempre disponibile in calce alle newsletter.<\/p>\n<p><span style=\"text-decoration: underline;\">Periodo di Conservazione<\/span>: Essi saranno conservati non oltre il tempo di effettuazione del servizio e sino a revoca del Suo consenso. L\u2019iscrizione e il trattamento relativo sono ritenuti validi sino alla disiscrizione da parte dell\u2019utente tramite link presente in ogni e-mail. Qualora la frequenza di invio sia minore, almeno ogni sei mesi verr\u00e0 inviata a tutti gli utenti una comunicazione di verifica contenente il link di disiscrizione.<\/p>\n<ol start=\"3\">\n<li><strong> Marketing per rispondere alle sue esigenze e per fornirLe offerte promozionali anche in linea con le sue <\/strong><strong>preferenze.<\/strong><\/li>\n<\/ol>\n<p>La Societ\u00e0 potrebbe trattare i Suoi dati personali per finalit\u00e0 di marketing e comunicazione pubblicitaria, diretta ad informarLa su iniziative promozionali di prodotti e servizi della nostra Societ\u00e0, realizzate mediante modalit\u00e0 automatizzate di contatto (posta elettronica, sms e altri strumenti di messaggistica massiva, ecc) e modalit\u00e0 tradizionali di contatto (ad esempio, posta cartacea, telefonata con operatore), ove Lei ci rilasci apposito consenso.<\/p>\n<p><span style=\"text-decoration: underline;\">Presupposto per il trattamento<\/span>: il Suo consenso.<\/p>\n<p>Il mancato conferimento dello stesso non comporta conseguenze, essendo facoltativo.<\/p>\n<p>Il consenso pu\u00f2 essere revocato in ogni momento contattando e\/o inviando richiesta alla nostra Societ\u00e0 all\u2019indirizzo <a href=\"mailto:info@o3enterprise.com\">info@o3enterprise.com<\/a><\/p>\n<p>Periodo di conservazione: 24 mesi dalla raccolta.<\/p>\n<ol start=\"4\">\n<li><strong> Difesa dei diritti nel corso di procedimenti giudiziali, amministrativi o stragiudiziali, e nell\u2019ambito di <\/strong><strong>controversie sorte in relazione ai servizi offerti.<\/strong><\/li>\n<\/ol>\n<p>I Suoi dati personali potrebbero essere trattati dalla Societ\u00e0 per difendere i propri diritti o agire o anche avanzare pretese nei confronti Suoi o di terze parti.<\/p>\n<p><span style=\"text-decoration: underline;\">Presupposto per il trattamento<\/span>: legittimo interesse della Societ\u00e0 alla tutela dei propri diritti. Il conferimento dei dati personali per tale finalit\u00e0 \u00e8 obbligatorio poich\u00e9 in difetto la Societ\u00e0 si trover\u00e0 nell\u2019impossibilit\u00e0 di difendere i propri diritti.<\/p>\n<p><span style=\"text-decoration: underline;\">Periodo di conservazione<\/span>: Con particolare riferimento alla tutela in sede giudiziaria dei nostri diritti ovvero in caso di richieste dell\u2019autorit\u00e0, i dati trattati saranno conservati per il tempo necessario a dar corso alla richiesta ovvero per perseguire la tutela del proprio diritto.<\/p>\n<p><em>Come manteniamo sicuri i suoi dati personali e con chi possiamo condividerli<\/em><\/p>\n<p>La Societ\u00e0 utilizza una vasta gamma di misure di sicurezza al fine di migliorare la protezione e la manutenzione della sicurezza, dell\u2019integrit\u00e0 e dell\u2019accessibilit\u00e0 dei Suoi dati personali.<\/p>\n<p>I dati personali saranno trattati principalmente all&#8217;interno dell&#8217;Unione Europea. Laddove venissero raccolti su server localizzati in Paesi Terzi, se gi\u00e0 non vi fosse una decisione di adeguatezza della Commissione Europea, saranno comunque rispettate le prescrizioni previste dalla normativa applicabile in materia di trasferimento di dati verso Paesi Terzi, come le clausole contrattuali standard fornite dalla Commissione Europea.<\/p>\n<p>In relazione alle indicate finalit\u00e0, il trattamento dei dati personali avviene mediante strumenti manuali, informatici e telematici con logiche correlate alle finalit\u00e0 stesse e, comunque, in modo da garantire la sicurezza e la riservatezza dei dati stessi.<\/p>\n<p>Ai Suoi dati personali possono avere accesso i dipendenti debitamente autorizzati, nonch\u00e9 i fornitori esterni, nominati, se necessario, responsabili del trattamento, che forniscono supporto per l\u2019erogazione dei servizi.<\/p>\n<p>Se desidera chiedere di poter visionare la lista dei responsabili del trattamento e degli altri soggetti cui comunichiamo i dati potr\u00e0 contattarci all\u2019indirizzo <a href=\"mailto:info@o3enterprise.com\">info@o3enterprise.com<\/a><\/p>\n<p><em>I Suoi diritti in materia di protezione dei dati e il suo diritto di avanzare reclami dinnanzi <\/em><em>all\u2019autorit\u00e0 di controllo<\/em><\/p>\n<p>Lei ha il diritto di chiederci:<\/p>\n<ul>\n<li>l\u2019accesso ai Suoi dati personali,<\/li>\n<li>la copia dei dati personali che Lei ci ha fornito (c.d. portabilit\u00e0),<\/li>\n<li>la rettifica dei dati personali in nostro possesso,<\/li>\n<li>la cancellazione di qualsiasi dato personale per il quale non abbiamo pi\u00f9 alcun presupposto giuridico per il trattamento,<\/li>\n<li>la revoca del Suo consenso, nel caso in cui il trattamento sia fondato sul consenso,<\/li>\n<li>la limitazione del modo in cui trattiamo i Suoi dati personali, nei limiti previsti dalla normativa a tutela dei dati personali,<\/li>\n<li>l\u2019opposizione al trattamento.<\/li>\n<\/ul>\n<p>L\u2019esercizio di tali diritti pu\u00f2 essere fatto attraverso i recapiti indicati nella sezione \u201cChi siamo ed i nostri contatti\u201d. Nel caso in cui Lei esercitasse uno qualsiasi dei summenzionati diritti, sar\u00e0 onere della Societ\u00e0 darLe riscontro, di regola, entro un mese.<\/p>\n<p>Nel caso ritenga che il trattamento dei dati personali a Lei riferiti avvenga in violazione di quanto previsto dal GDPR ha il diritto di proporre reclamo al Garante per la protezione dei dati personali, utilizzando i riferimenti<\/p>\n<p>disponibili sul sito internet www.garanteprivacy.it, o di adire le opportune sedi giudiziarie.<\/p>\n<p><em>Cancellazione dal servizio<\/em><\/p>\n<p>Nel caso di trattamento dati per finalit\u00e0 per le quali sia richiesto il Suo consenso per non ricevere pi\u00f9 la newsletter e le offerte promozionali correlate all\u2019attivit\u00e0 di marketing sar\u00e0 sufficiente richiedere la cancellazione, contattando e\/o inviando una richiesta alla nostra Societ\u00e0 all\u2019indirizzo <a href=\"mailto:info@o3enterprise.com\">info@o3enterprise.com<\/a> o cliccando sul link <span style=\"text-decoration: underline;\">unsubscribe from this list<\/span> sempre disponibile in calce alle e mail di newsletter.<\/p>\n<p><span style=\"text-decoration: underline;\">Data ultima modifica: 15\/06\/2023<\/span><\/p>\n<div id=\"gtx-trans\" style=\"position: absolute; left: 222px; top: 1608.78px;\">\n<div class=\"gtx-trans-icon\"><\/div>\n<\/div>\n<p>[\/vc_column_text][\/vc_column][\/vc_row]<\/p>\n<\/div>","protected":false},"excerpt":{"rendered":"<p>[vc_row][vc_column][vc_column_text] Informativa sulla tutela dei dati personali (informativa privacy) ai sensi dell\u2019art. 13 del Regolamento UE n. 679\/2016 (\u201cGDPR\u201d) e del D.Lgs. 196\/2003 (\u201cCodice Privacy\u201d) come modificato dal D.Lgs. 101\/2018<\/p>\n","protected":false},"author":7,"featured_media":0,"parent":0,"menu_order":0,"comment_status":"closed","ping_status":"closed","template":"","meta":{"footnotes":""},"class_list":["post-21497","page","type-page","status-publish","hentry"],"yoast_head":"<!-- This site is optimized with the Yoast SEO plugin v26.8 - https:\/\/yoast.com\/product\/yoast-seo-wordpress\/ -->\n<title>Privacy Policy - ZEEROmed<\/title>\n<meta name=\"robots\" content=\"index, follow, max-snippet:-1, max-image-preview:large, max-video-preview:-1\" \/>\n<link rel=\"canonical\" href=\"https:\/\/zeeromed.com\/it\/privacy-policy-ita\/\" \/>\n<meta property=\"og:locale\" content=\"it_IT\" \/>\n<meta property=\"og:type\" content=\"article\" \/>\n<meta property=\"og:title\" content=\"Privacy Policy - ZEEROmed\" \/>\n<meta property=\"og:description\" content=\"[vc_row][vc_column][vc_column_text] Informativa sulla tutela dei dati personali (informativa privacy) ai sensi dell\u2019art. 13 del Regolamento UE n. 679\/2016 (\u201cGDPR\u201d) e del D.Lgs. 196\/2003 (\u201cCodice Privacy\u201d) come modificato dal D.Lgs. 101\/2018\" \/>\n<meta property=\"og:url\" content=\"https:\/\/zeeromed.com\/it\/privacy-policy-ita\/\" \/>\n<meta property=\"og:site_name\" content=\"ZEEROmed\" \/>\n<meta property=\"article:modified_time\" content=\"2023-06-27T10:24:57+00:00\" \/>\n<meta name=\"twitter:card\" content=\"summary_large_image\" \/>\n<meta name=\"twitter:label1\" content=\"Tempo di lettura stimato\" \/>\n\t<meta name=\"twitter:data1\" content=\"6 minuti\" \/>\n<script type=\"application\/ld+json\" class=\"yoast-schema-graph\">{\"@context\":\"https:\/\/schema.org\",\"@graph\":[{\"@type\":\"WebPage\",\"@id\":\"https:\/\/zeeromed.com\/it\/privacy-policy-ita\/\",\"url\":\"https:\/\/zeeromed.com\/it\/privacy-policy-ita\/\",\"name\":\"Privacy Policy - ZEEROmed\",\"isPartOf\":{\"@id\":\"https:\/\/zeeromed.com\/#website\"},\"datePublished\":\"2023-06-27T10:16:04+00:00\",\"dateModified\":\"2023-06-27T10:24:57+00:00\",\"breadcrumb\":{\"@id\":\"https:\/\/zeeromed.com\/it\/privacy-policy-ita\/#breadcrumb\"},\"inLanguage\":\"it-IT\",\"potentialAction\":[{\"@type\":\"ReadAction\",\"target\":[\"https:\/\/zeeromed.com\/it\/privacy-policy-ita\/\"]}]},{\"@type\":\"BreadcrumbList\",\"@id\":\"https:\/\/zeeromed.com\/it\/privacy-policy-ita\/#breadcrumb\",\"itemListElement\":[{\"@type\":\"ListItem\",\"position\":1,\"name\":\"Home\",\"item\":\"https:\/\/zeeromed.com\/it\/\"},{\"@type\":\"ListItem\",\"position\":2,\"name\":\"Privacy Policy\"}]},{\"@type\":\"WebSite\",\"@id\":\"https:\/\/zeeromed.com\/#website\",\"url\":\"https:\/\/zeeromed.com\/\",\"name\":\"ZEEROmed\",\"description\":\"Universal Viewer - RIS - PACS - Digital Pathology\",\"potentialAction\":[{\"@type\":\"SearchAction\",\"target\":{\"@type\":\"EntryPoint\",\"urlTemplate\":\"https:\/\/zeeromed.com\/?s={search_term_string}\"},\"query-input\":{\"@type\":\"PropertyValueSpecification\",\"valueRequired\":true,\"valueName\":\"search_term_string\"}}],\"inLanguage\":\"it-IT\"}]}<\/script>\n<!-- \/ Yoast SEO plugin. -->","yoast_head_json":{"title":"Privacy Policy - ZEEROmed","robots":{"index":"index","follow":"follow","max-snippet":"max-snippet:-1","max-image-preview":"max-image-preview:large","max-video-preview":"max-video-preview:-1"},"canonical":"https:\/\/zeeromed.com\/it\/privacy-policy-ita\/","og_locale":"it_IT","og_type":"article","og_title":"Privacy Policy - ZEEROmed","og_description":"[vc_row][vc_column][vc_column_text] Informativa sulla tutela dei dati personali (informativa privacy) ai sensi dell\u2019art. 13 del Regolamento UE n. 679\/2016 (\u201cGDPR\u201d) e del D.Lgs. 196\/2003 (\u201cCodice Privacy\u201d) come modificato dal D.Lgs. 101\/2018","og_url":"https:\/\/zeeromed.com\/it\/privacy-policy-ita\/","og_site_name":"ZEEROmed","article_modified_time":"2023-06-27T10:24:57+00:00","twitter_card":"summary_large_image","twitter_misc":{"Tempo di lettura stimato":"6 minuti"},"schema":{"@context":"https:\/\/schema.org","@graph":[{"@type":"WebPage","@id":"https:\/\/zeeromed.com\/it\/privacy-policy-ita\/","url":"https:\/\/zeeromed.com\/it\/privacy-policy-ita\/","name":"Privacy Policy - ZEEROmed","isPartOf":{"@id":"https:\/\/zeeromed.com\/#website"},"datePublished":"2023-06-27T10:16:04+00:00","dateModified":"2023-06-27T10:24:57+00:00","breadcrumb":{"@id":"https:\/\/zeeromed.com\/it\/privacy-policy-ita\/#breadcrumb"},"inLanguage":"it-IT","potentialAction":[{"@type":"ReadAction","target":["https:\/\/zeeromed.com\/it\/privacy-policy-ita\/"]}]},{"@type":"BreadcrumbList","@id":"https:\/\/zeeromed.com\/it\/privacy-policy-ita\/#breadcrumb","itemListElement":[{"@type":"ListItem","position":1,"name":"Home","item":"https:\/\/zeeromed.com\/it\/"},{"@type":"ListItem","position":2,"name":"Privacy Policy"}]},{"@type":"WebSite","@id":"https:\/\/zeeromed.com\/#website","url":"https:\/\/zeeromed.com\/","name":"ZEEROmed","description":"Universal Viewer - RIS - PACS - Digital Pathology","potentialAction":[{"@type":"SearchAction","target":{"@type":"EntryPoint","urlTemplate":"https:\/\/zeeromed.com\/?s={search_term_string}"},"query-input":{"@type":"PropertyValueSpecification","valueRequired":true,"valueName":"search_term_string"}}],"inLanguage":"it-IT"}]}},"_links":{"self":[{"href":"https:\/\/zeeromed.com\/it\/wp-json\/wp\/v2\/pages\/21497","targetHints":{"allow":["GET"]}}],"collection":[{"href":"https:\/\/zeeromed.com\/it\/wp-json\/wp\/v2\/pages"}],"about":[{"href":"https:\/\/zeeromed.com\/it\/wp-json\/wp\/v2\/types\/page"}],"author":[{"embeddable":true,"href":"https:\/\/zeeromed.com\/it\/wp-json\/wp\/v2\/users\/7"}],"replies":[{"embeddable":true,"href":"https:\/\/zeeromed.com\/it\/wp-json\/wp\/v2\/comments?post=21497"}],"version-history":[{"count":2,"href":"https:\/\/zeeromed.com\/it\/wp-json\/wp\/v2\/pages\/21497\/revisions"}],"predecessor-version":[{"id":21500,"href":"https:\/\/zeeromed.com\/it\/wp-json\/wp\/v2\/pages\/21497\/revisions\/21500"}],"wp:attachment":[{"href":"https:\/\/zeeromed.com\/it\/wp-json\/wp\/v2\/media?parent=21497"}],"curies":[{"name":"wp","href":"https:\/\/api.w.org\/{rel}","templated":true}]}}